{"id":607,"date":"2022-12-15T13:52:32","date_gmt":"2022-12-15T13:52:32","guid":{"rendered":"https:\/\/art.lilasoi.fr\/index.php\/home\/"},"modified":"2023-05-09T12:10:27","modified_gmt":"2023-05-09T10:10:27","slug":"home","status":"publish","type":"page","link":"https:\/\/art.lilasoi.fr\/","title":{"rendered":"Home"},"content":{"rendered":"\n<div class=\"wp-block-uagb-container uagb-block-64d53e3e alignfull uagb-is-root-container\">\n<div class=\"wp-block-uagb-container uagb-block-72d28a60\">\n<div class=\"wp-block-uagb-image uagb-block-ce57e29b wp-block-uagb-image--layout-default wp-block-uagb-image--effect-static wp-block-uagb-image--align-none\"><figure class=\"wp-block-uagb-image__figure\"><img decoding=\"async\" srcset=\"https:\/\/art.lilasoi.fr\/wp-content\/uploads\/2023\/05\/lil-pyro-sourire-1024x738.jpg \" src=\"https:\/\/art.lilasoi.fr\/wp-content\/uploads\/2023\/05\/lil-pyro-sourire-1024x738.jpg\" alt=\"\" class=\"uag-image-784\" width=\"\" height=\"\" title=\"\" loading=\"lazy\"\/><\/figure><\/div>\n<\/div>\n\n\n\n<div class=\"wp-block-uagb-container uagb-block-08af1f44\">\n<div class=\"wp-block-uagb-advanced-heading uagb-block-00e367db\"><h1 class=\"uagb-heading-text\">Lil, Pyrograveuse<\/h1><\/div>\n\n\n\n<div class=\"wp-block-uagb-info-box uagb-block-ef23e00c uagb-infobox__content-wrap  uagb-infobox-icon-above-title uagb-infobox-image-valign-top\"><div class=\"uagb-ifb-content\"><div class=\"uagb-ifb-title-wrap\"><h2 class=\"uagb-ifb-title\"><a href=\"https:\/\/art.lilasoi.fr\/index.php\/contact\/\" target=\"_blank\" rel=\"noreferrer noopener\">Commande une pyrogravure personnalis\u00e9e &#8230;<\/a><br><br>ou <br><br>Choisis-en une, dans ma galerie<\/h2><\/div><div class=\"uagb-ifb-button-wrapper wp-block-button\"><a href=\"#\" class=\"uagb-infobox-cta-link wp-block-button__link\" target=\"_self\" rel=\"noopener noreferrer\" alt=\"\"><span class=\"uagb-inline-editing\">Discover Collection<\/span><svg xmlns=\"https:\/\/www.w3.org\/2000\/svg\" viewBox=\"0 0 512 512\"><path d=\"M512 256C512 397.4 397.4 512 256 512C114.6 512 0 397.4 0 256C0 114.6 114.6 0 256 0C397.4 0 512 114.6 512 256zM176 168V344C176 352.7 180.7 360.7 188.3 364.9C195.8 369.2 205.1 369 212.5 364.5L356.5 276.5C363.6 272.1 368 264.4 368 256C368 247.6 363.6 239.9 356.5 235.5L212.5 147.5C205.1 142.1 195.8 142.8 188.3 147.1C180.7 151.3 176 159.3 176 168V168z\"><\/path><\/svg><\/a><\/div><\/div><\/div>\n<\/div>\n<\/div>\n\n\n\n<div class=\"wp-block-uagb-container uagb-block-b210da16 alignfull uagb-is-root-container\"><div class=\"uagb-container-inner-blocks-wrap\">\n<div class=\"wp-block-uagb-container uagb-block-78294bf7\">\n<div class=\"wp-block-uagb-advanced-heading uagb-block-cc43a3fc\"><h2 class=\"uagb-heading-text\">Bienvenu.e.s sur l&#8217;\u00eele \u00e0 Soi<\/h2><p class=\"uagb-desc-text\">Un endroit o\u00f9 je d\u00e9pose ma cr\u00e9ativit\u00e9. <br>Au fur et \u00e0 mesure, elle grandit et j&#8217;esp\u00e8re grandir avec elle.<br>En ce moment l&#8217;\u00eele accueille des oiseaux plus ou migrateurs, quelques fleurs \u00e9panouies.<br>La belle g\u00e9om\u00e9trie sacr\u00e9e va bient\u00f4t arriver.<br>Au rythme des saisons, les formes germent, s&#8217;\u00e9rigent et partent rejoindre vos continents.<\/p><\/div>\n<\/div>\n<\/div><\/div>\n\n\n\n<div class=\"wp-block-uagb-container uagb-block-05b54497 alignfull uagb-is-root-container\"><div class=\"uagb-container-inner-blocks-wrap\">\n<div class=\"wp-block-uagb-container uagb-block-16b649b3\">\n<div class=\"wp-block-uagb-advanced-heading uagb-block-0d22a793\"><h2 class=\"uagb-heading-text\">Explore cette \u00eele<\/h2><p class=\"uagb-desc-text\">Les petites choses qui touchent l&#8217;\u00e2me. L&#8217;\u00e9merveillement de la nature. Voici ce qui constitue les principaux ingr\u00e9dients de cette \u00eele \u00e0 Soi. Cet endroit que l&#8217;on rejoint dans la pl\u00e9nitude de la solitude. Ce lieu habit\u00e9 par le sage, le fou et l&#8217;enfant.<\/p><\/div>\n\n\n<div class=\"woocommerce columns-3 \"><ul class=\"products columns-3\">\n<li class=\"desktop-align-left tablet-align-left mobile-align-left product type-product post-159 status-publish first instock product_cat-floral product_cat-silhouette has-post-thumbnail featured sold-individually taxable shipping-taxable purchasable product-type-simple\">\n\t<\/li>\n<li class=\"desktop-align-left tablet-align-left mobile-align-left product type-product post-47 status-publish instock product_cat-silhouette has-post-thumbnail featured sold-individually taxable shipping-taxable purchasable product-type-simple\">\n\t<\/li>\n<li class=\"desktop-align-left tablet-align-left mobile-align-left product type-product post-34 status-publish last instock product_cat-floral has-post-thumbnail featured taxable shipping-taxable purchasable product-type-simple\">\n\t<\/li>\n<li class=\"desktop-align-left tablet-align-left mobile-align-left product type-product post-54 status-publish first instock product_cat-scenery has-post-thumbnail featured taxable shipping-taxable purchasable product-type-simple\">\n\t<\/li>\n<li class=\"desktop-align-left tablet-align-left mobile-align-left product type-product post-738 status-publish instock product_cat-scenery has-post-thumbnail featured taxable shipping-taxable purchasable product-type-simple\">\n\t<\/li>\n<li class=\"desktop-align-left tablet-align-left mobile-align-left product type-product post-737 status-publish last instock product_cat-scenery has-post-thumbnail featured taxable shipping-taxable purchasable product-type-simple\">\n\t<\/li>\n<\/ul>\n<\/div>\n\n\n\n<div class=\"wp-block-uagb-info-box uagb-block-272edf8b uagb-infobox__content-wrap  uagb-infobox-icon-above-title uagb-infobox-image-valign-top\"><div class=\"uagb-ifb-content\"><div class=\"uagb-ifb-title-wrap\"><div class=\"uagb-ifb-separator\"><\/div><h3 class=\"uagb-ifb-title\">Categories<\/h3><\/div><p class=\"uagb-ifb-desc\">Accumsan id imperdiet et, porttitor at sem.&nbsp;<\/p><\/div><\/div>\n\n\n<div class=\"woocommerce columns-3\"><ul class=\"products columns-3\">\n<li class=\"product-category product first\">\n\t<\/li>\n<li class=\"product-category product\">\n\t<\/li>\n<li class=\"product-category product last\">\n\t<\/li>\n<\/ul>\n<\/div>\n\n\n\n<div class=\"wp-block-uagb-buttons uagb-buttons__outer-wrap uagb-btn__default-btn uagb-btn-tablet__default-btn uagb-btn-mobile__default-btn uagb-block-954f4adf\"><div class=\"uagb-buttons__wrap uagb-buttons-layout-wrap\">\n<div class=\"wp-block-uagb-buttons-child uagb-buttons__outer-wrap uagb-block-e202d711 wp-block-button is-style-outline\"><div class=\"uagb-button__wrapper\"><a class=\"uagb-buttons-repeater wp-block-button__link\" href=\"#\" onclick=\"return false;\" rel=\"follow noopener\" target=\"_self\"><div class=\"uagb-button__link\">Discover Collection<\/div><span class=\"uagb-button__icon uagb-button__icon-position-after\"><svg xmlns=\"https:\/\/www.w3.org\/2000\/svg\" viewBox=\"0 0 512 512\"><path d=\"M512 256C512 397.4 397.4 512 256 512C114.6 512 0 397.4 0 256C0 114.6 114.6 0 256 0C397.4 0 512 114.6 512 256zM176 168V344C176 352.7 180.7 360.7 188.3 364.9C195.8 369.2 205.1 369 212.5 364.5L356.5 276.5C363.6 272.1 368 264.4 368 256C368 247.6 363.6 239.9 356.5 235.5L212.5 147.5C205.1 142.1 195.8 142.8 188.3 147.1C180.7 151.3 176 159.3 176 168V168z\"><\/path><\/svg><\/span><\/a><\/div><\/div>\n<\/div><\/div>\n<\/div>\n<\/div><\/div>\n","protected":false},"excerpt":{"rendered":"","protected":false},"author":1,"featured_media":0,"parent":0,"menu_order":0,"comment_status":"closed","ping_status":"closed","template":"","meta":{"_uag_custom_page_level_css":"","site-sidebar-layout":"default","site-content-layout":"page-builder","ast-global-header-display":"","ast-main-header-display":"","ast-hfb-above-header-display":"","ast-hfb-below-header-display":"","ast-hfb-mobile-header-display":"","site-post-title":"disabled","ast-breadcrumbs-content":"","ast-featured-img":"","footer-sml-layout":"","theme-transparent-header-meta":"default","adv-header-id-meta":"","stick-header-meta":"","header-above-stick-meta":"","header-main-stick-meta":"","header-below-stick-meta":""},"uagb_featured_image_src":{"full":false,"thumbnail":false,"medium":false,"medium_large":false,"large":false,"1536x1536":false,"2048x2048":false,"woocommerce_thumbnail":false,"woocommerce_single":false,"woocommerce_gallery_thumbnail":false},"uagb_author_info":{"display_name":"lizaire8","author_link":"https:\/\/art.lilasoi.fr\/index.php\/author\/lizaire8\/"},"uagb_comment_info":0,"uagb_excerpt":null,"_links":{"self":[{"href":"https:\/\/art.lilasoi.fr\/index.php\/wp-json\/wp\/v2\/pages\/607"}],"collection":[{"href":"https:\/\/art.lilasoi.fr\/index.php\/wp-json\/wp\/v2\/pages"}],"about":[{"href":"https:\/\/art.lilasoi.fr\/index.php\/wp-json\/wp\/v2\/types\/page"}],"author":[{"embeddable":true,"href":"https:\/\/art.lilasoi.fr\/index.php\/wp-json\/wp\/v2\/users\/1"}],"replies":[{"embeddable":true,"href":"https:\/\/art.lilasoi.fr\/index.php\/wp-json\/wp\/v2\/comments?post=607"}],"version-history":[{"count":11,"href":"https:\/\/art.lilasoi.fr\/index.php\/wp-json\/wp\/v2\/pages\/607\/revisions"}],"predecessor-version":[{"id":802,"href":"https:\/\/art.lilasoi.fr\/index.php\/wp-json\/wp\/v2\/pages\/607\/revisions\/802"}],"wp:attachment":[{"href":"https:\/\/art.lilasoi.fr\/index.php\/wp-json\/wp\/v2\/media?parent=607"}],"curies":[{"name":"wp","href":"https:\/\/api.w.org\/{rel}","templated":true}]}}