{"id":38,"date":"2017-12-13T11:51:14","date_gmt":"2017-12-13T11:51:14","guid":{"rendered":"https:\/\/art.lilasoi.fr\/index.php\/produit\/orange-flowers\/"},"modified":"2023-05-09T12:18:41","modified_gmt":"2023-05-09T10:18:41","slug":"orange-flowers","status":"publish","type":"product","link":"https:\/\/art.lilasoi.fr\/index.php\/produit\/orange-flowers\/","title":{"rendered":"Cerisier et Colibri"},"content":{"rendered":"<p>Haiku d&#8217;Issa Kobayashi :<\/p>\n<p>cerisiers en fleurs &#8211;<br \/>\nr\u00e9chauff\u00e9s par un brasier<br \/>\nfloraison<\/p>\n<p>Les fleurs de cerisier, symbole de l&#8217;\u00e9ph\u00e9m\u00e8re et le colibri, l&#8217;action positive petite mais si b\u00e9n\u00e9fique se rencontrent ici.<\/p>\n<p>L&#8217;un grav\u00e9 pour une dur\u00e9e inconnue, l&#8217;autre suspendue dans son vol, l&#8217;enthousiasmant paradoxe de la captation d&#8217;image.<\/p>\n<p>Pyrogravure sur Bois coll\u00e9 d&#8217;une dimension de 30 x 16.5 x 1.5 cm<\/p>\n","protected":false},"excerpt":{"rendered":"<p>Pyrogravure sur Bois coll\u00e9 de 30 x 16.5 x 1.5 cm<\/p>\n","protected":false},"featured_media":769,"comment_status":"open","ping_status":"closed","template":"","meta":{"_uag_custom_page_level_css":"","site-sidebar-layout":"default","site-content-layout":"default","ast-global-header-display":"","ast-main-header-display":"","ast-hfb-above-header-display":"","ast-hfb-below-header-display":"","ast-hfb-mobile-header-display":"","site-post-title":"","ast-breadcrumbs-content":"","ast-featured-img":"","footer-sml-layout":"","theme-transparent-header-meta":"default","adv-header-id-meta":"","stick-header-meta":"","header-above-stick-meta":"","header-main-stick-meta":"","header-below-stick-meta":""},"product_cat":[21],"product_tag":[],"uagb_featured_image_src":{"full":["https:\/\/art.lilasoi.fr\/wp-content\/uploads\/2017\/12\/colibri-cerisier-e1677863776664.jpg",500,294,false],"thumbnail":["https:\/\/art.lilasoi.fr\/wp-content\/uploads\/2017\/12\/colibri-cerisier-e1677863776664-150x150.jpg",150,150,true],"medium":["https:\/\/art.lilasoi.fr\/wp-content\/uploads\/2017\/12\/colibri-cerisier-e1677863776664-300x176.jpg",300,176,true],"medium_large":["https:\/\/art.lilasoi.fr\/wp-content\/uploads\/2017\/12\/colibri-cerisier-768x452.jpg",768,452,true],"large":["https:\/\/art.lilasoi.fr\/wp-content\/uploads\/2017\/12\/colibri-cerisier-1024x603.jpg",1024,603,true],"1536x1536":["https:\/\/art.lilasoi.fr\/wp-content\/uploads\/2017\/12\/colibri-cerisier-e1677863776664.jpg",500,294,false],"2048x2048":["https:\/\/art.lilasoi.fr\/wp-content\/uploads\/2017\/12\/colibri-cerisier-e1677863776664.jpg",500,294,false],"woocommerce_thumbnail":["https:\/\/art.lilasoi.fr\/wp-content\/uploads\/2017\/12\/colibri-cerisier-e1677863776664-300x294.jpg",300,294,true],"woocommerce_single":["https:\/\/art.lilasoi.fr\/wp-content\/uploads\/2017\/12\/colibri-cerisier-600x353.jpg",600,353,true],"woocommerce_gallery_thumbnail":["https:\/\/art.lilasoi.fr\/wp-content\/uploads\/2017\/12\/colibri-cerisier-e1677863776664-100x100.jpg",100,100,true]},"uagb_author_info":{"display_name":"lizaire8","author_link":"https:\/\/art.lilasoi.fr\/index.php\/author\/"},"uagb_comment_info":0,"uagb_excerpt":"Pyrogravure sur Bois coll\u00e9 de 30 x 16.5 x 1.5 cm","_links":{"self":[{"href":"https:\/\/art.lilasoi.fr\/index.php\/wp-json\/wp\/v3\/product\/38"}],"collection":[{"href":"https:\/\/art.lilasoi.fr\/index.php\/wp-json\/wp\/v3\/product"}],"about":[{"href":"https:\/\/art.lilasoi.fr\/index.php\/wp-json\/wp\/v2\/types\/product"}],"replies":[{"embeddable":true,"href":"https:\/\/art.lilasoi.fr\/index.php\/wp-json\/wp\/v2\/comments?post=38"}],"wp:featuredmedia":[{"embeddable":true,"href":"https:\/\/art.lilasoi.fr\/index.php\/wp-json\/wp\/v2\/media\/769"}],"wp:attachment":[{"href":"https:\/\/art.lilasoi.fr\/index.php\/wp-json\/wp\/v2\/media?parent=38"}],"wp:term":[{"taxonomy":"product_cat","embeddable":true,"href":"https:\/\/art.lilasoi.fr\/index.php\/wp-json\/wp\/v2\/product_cat?post=38"},{"taxonomy":"product_tag","embeddable":true,"href":"https:\/\/art.lilasoi.fr\/index.php\/wp-json\/wp\/v2\/product_tag?post=38"}],"curies":[{"name":"wp","href":"https:\/\/api.w.org\/{rel}","templated":true}]}}